{"id":810,"date":"2021-08-11T13:15:45","date_gmt":"2021-08-11T11:15:45","guid":{"rendered":"http:\/\/projekt.owiewki.eu\/strona-glowna\/"},"modified":"2021-09-15T14:33:14","modified_gmt":"2021-09-15T12:33:14","slug":"strona-glowna","status":"publish","type":"page","link":"https:\/\/owiewki.eu\/de\/","title":{"rendered":"Startseite"},"content":{"rendered":"<!--themify_builder_content-->\n<div id=\"themify_builder_content-810\" data-postid=\"810\" class=\"themify_builder_content themify_builder_content-810 themify_builder tf_clear\">\n    \t\t\t<!-- module_row -->\n\t<div  data-css_id=\"2gs1740\" data-lazy=\"1\" class=\"module_row themify_builder_row fullheight fullwidth_row_container tb_2gs1740 tb_first tf_w tf_clearfix\">\n\t    \t\t\t<div class=\"row_inner gutter-none direction_rtl col_align_middle tb_col_count_2 tf_box tf_rel\">\n\t\t            <div  data-lazy=\"1\" class=\"module_column tb-column col4-2 tb_y6lo834 first\">\n                                                <\/div>\n                        <div  data-lazy=\"1\" class=\"module_column tb-column col4-2 tb_hf2n741 last\">\n                                                        <div class=\"tb-column-inner tf_box tf_w\">\n                        <!-- module text -->\n<div  class=\"module module-text tb_7iep92  repeat  wow\" data-tf-animation=\"fadeInDown\" data-tf-animation_delay=\"0.3\" data-lazy=\"1\">\n        <div  class=\"tb_text_wrap\">\n    <h1><strong>Motorradverkleidungen<\/strong><\/h1>    <\/div>\n<\/div>\n<!-- \/module text --><!-- module text -->\n<div  class=\"module module-text tb_g9o7799  repeat  wow\" data-tf-animation=\"fadeIn\" data-tf-animation_delay=\"0.6\" data-lazy=\"1\">\n        <div  class=\"tb_text_wrap\">\n    <p>Willkommen auf der Website von Laminplast Compozyty. Wir sind ein kleines Unternehmen, das seit 15 Jahren dynamisch in der Automobilindustrie t\u00e4tig ist.<\/p>\n<p style=\"font-weight: 400;\">Das Hauptt\u00e4tigkeitsprofil ist die Herstellung von Verkleidungen f\u00fcr Rennmotorr\u00e4der und Carbonelemente; Delke Motoren, Rahmen- und Schwingenabdeckungen und ganze Sets auf Anfrage.<\/p>\n<p>Verf\u00fcgbare Verkleidungen f\u00fcr Modelle:<\/p>    <\/div>\n<\/div>\n<!-- \/module text -->\t<div  data-lazy=\"1\" class=\"module_subrow themify_builder_sub_row tb_dlq7792 tf_w tf_clearfix\">\n\t    \t\t\t<div class=\"subrow_inner col_align_top tb_col_count_1 tf_box tf_w\">\n\t\t            <div  data-lazy=\"1\" class=\"module_column sub_column col-full tb_rbt6794 first\">\n                                                        <div class=\"tb-column-inner tf_box tf_w\">\n                        <!-- module icon -->\n<div  class=\"module module-icon tb_uzf5677  xlarge circle icon_horizontal tf_textl\" data-lazy=\"1\">\n        <div class=\"module-icon-item\">\n\t    \t\t\t\t\t\t    <em class=\"tf_box transparent\"><svg  class=\"tf_fa tf-fas-motorcycle\" aria-hidden=\"true\"><use href=\"#tf-fas-motorcycle\"><\/use><\/svg><\/em>\n\t\t\t\t\t\t    \t    \t    <span>Aprilia, BMW, Ducati, Honda, Kawasaki, Suzuki, Triumph, Yamaha<\/span>\n\t\t    \t\t\t\t        <\/div>\n\t<\/div>\n<!-- \/module icon -->\n                    <\/div>\n                            <\/div>\n            \t    <\/div>\n\t<\/div><!-- \/themify_builder_sub_row -->\n\t<!-- module text -->\n<div  class=\"module module-text tb_ssgf146  repeat  wow\" data-tf-animation=\"fadeIn\" data-tf-animation_delay=\"0.6\" data-lazy=\"1\">\n        <div  class=\"tb_text_wrap\">\n    <p style=\"font-weight: 400;\">Wir fertigen auch ultraleichte Flugzeugkomponenten wie das Pipistrel-Virus<\/p>\n    <\/div>\n<\/div>\n<!-- \/module text -->                    <\/div>\n                            <\/div>\n            \t    <\/div>\n\t    <!-- \/row_inner -->\n\t<\/div>\n\t<!-- \/module_row -->\n\t<\/div>\n<!--\/themify_builder_content-->","protected":false},"excerpt":{"rendered":"<p>Motorradverkleidungen Willkommen auf der Website von Laminplast Compozyty. Wir sind ein kleines Unternehmen, das seit 15 Jahren dynamisch in der Automobilindustrie t\u00e4tig ist. Das Hauptt\u00e4tigkeitsprofil ist die Herstellung von Verkleidungen f\u00fcr Rennmotorr\u00e4der und Carbonelemente; Delke Motoren, Rahmen- und Schwingenabdeckungen und ganze Sets auf Anfrage. Verf\u00fcgbare Verkleidungen f\u00fcr Modelle: Aprilia, BMW, Ducati, Honda, Kawasaki, Suzuki, Triumph, [&hellip;]<\/p>\n","protected":false},"author":2,"featured_media":0,"parent":0,"menu_order":0,"comment_status":"closed","ping_status":"closed","template":"","meta":{"footnotes":""},"class_list":["post-810","page","type-page","status-publish","hentry","has-post-title","has-post-date","has-post-category","has-post-tag","has-post-comment","has-post-author",""],"builder_content":"<h1><strong>Motorradverkleidungen<\/strong><\/h1>\n<p>Willkommen auf der Website von Laminplast Compozyty. Wir sind ein kleines Unternehmen, das seit 15 Jahren dynamisch in der Automobilindustrie t\u00e4tig ist.<\/p> <p style=\"font-weight: 400;\">Das Hauptt\u00e4tigkeitsprofil ist die Herstellung von Verkleidungen f\u00fcr Rennmotorr\u00e4der und Carbonelemente; Delke Motoren, Rahmen- und Schwingenabdeckungen und ganze Sets auf Anfrage.<\/p> <p>Verf\u00fcgbare Verkleidungen f\u00fcr Modelle:<\/p>\n<em><svg aria-hidden=\"true\"><use href=\"#tf-fas-motorcycle\"><\/use><\/svg><\/em> Aprilia, BMW, Ducati, Honda, Kawasaki, Suzuki, Triumph, Yamaha\n<p style=\"font-weight: 400;\">Wir fertigen auch ultraleichte Flugzeugkomponenten wie das Pipistrel-Virus<\/p>","_links":{"self":[{"href":"https:\/\/owiewki.eu\/de\/wp-json\/wp\/v2\/pages\/810","targetHints":{"allow":["GET"]}}],"collection":[{"href":"https:\/\/owiewki.eu\/de\/wp-json\/wp\/v2\/pages"}],"about":[{"href":"https:\/\/owiewki.eu\/de\/wp-json\/wp\/v2\/types\/page"}],"author":[{"embeddable":true,"href":"https:\/\/owiewki.eu\/de\/wp-json\/wp\/v2\/users\/2"}],"replies":[{"embeddable":true,"href":"https:\/\/owiewki.eu\/de\/wp-json\/wp\/v2\/comments?post=810"}],"version-history":[{"count":12,"href":"https:\/\/owiewki.eu\/de\/wp-json\/wp\/v2\/pages\/810\/revisions"}],"predecessor-version":[{"id":1025,"href":"https:\/\/owiewki.eu\/de\/wp-json\/wp\/v2\/pages\/810\/revisions\/1025"}],"wp:attachment":[{"href":"https:\/\/owiewki.eu\/de\/wp-json\/wp\/v2\/media?parent=810"}],"curies":[{"name":"wp","href":"https:\/\/api.w.org\/{rel}","templated":true}]}}