{"id":875,"date":"2021-08-19T07:24:13","date_gmt":"2021-08-19T05:24:13","guid":{"rendered":"http:\/\/projekt.owiewki.eu\/o-nas\/"},"modified":"2021-09-15T14:43:05","modified_gmt":"2021-09-15T12:43:05","slug":"uber-uns","status":"publish","type":"page","link":"https:\/\/owiewki.eu\/de\/uber-uns\/","title":{"rendered":"\u00dcber uns"},"content":{"rendered":"<!--themify_builder_content-->\n<div id=\"themify_builder_content-875\" data-postid=\"875\" class=\"themify_builder_content themify_builder_content-875 themify_builder tf_clear\">\n    \t\t\t<!-- module_row -->\n\t<div  data-css_id=\"tf9j254\" data-lazy=\"1\" class=\"module_row themify_builder_row fullwidth_row_container tb_tf9j254 tb_first tf_w tf_clearfix\">\n\t    \t\t\t<div class=\"row_inner col_align_top tb_col_count_1 tf_box tf_rel\">\n\t\t            <div  data-lazy=\"1\" class=\"module_column tb-column col-full tb_h6o0255 first\">\n                                                        <div class=\"tb-column-inner tf_box tf_w\">\n                        \t<div  data-lazy=\"1\" class=\"module_subrow themify_builder_sub_row tb_l5w4973 tf_w tf_clearfix\">\n\t    \t\t\t<div class=\"subrow_inner gutter-none col_align_top tb_col_count_2 tf_box tf_w\">\n\t\t            <div  data-lazy=\"1\" class=\"module_column sub_column col4-2 tb_gkrs975 first\">\n                                                        <div class=\"tb-column-inner tf_box tf_w\">\n                        <!-- module text -->\n<div  class=\"module module-text tb_315c107  repeat  wow\" data-tf-animation=\"fadeIn\" data-lazy=\"1\">\n        <div  class=\"tb_text_wrap\">\n    <h1>\u00dcber uns<\/h1>\n    <\/div>\n<\/div>\n<!-- \/module text --><!-- module divider -->\n<div  class=\"module tf_mw module-divider tb_9akv744 solid  divider-custom divider-left wow\" data-tf-animation=\"fadeIn\" style=\"border-width: 3px;border-color: #0f0f0f;margin-top: 10px;margin-bottom: 40px;width: 25px;\" data-lazy=\"1\">\n    <\/div>\n<!-- \/module divider -->\n<!-- module text -->\n<div  class=\"module module-text tb_5xpp779    wow\" data-tf-animation=\"fadeIn\" data-lazy=\"1\">\n        <div  class=\"tb_text_wrap\">\n    <p style=\"font-weight: 400;\">Willkommen auf der Website von Laminplast Compozyty. Wir sind ein kleines Unternehmen, das seit 15 Jahren dynamisch in der Automobilindustrie t\u00e4tig ist.<\/p>\n<p style=\"font-weight: 400;\">Seit \u00fcber 10 Jahren werden 90% unserer Produktion in die L\u00e4nder der Europ\u00e4ischen Union exportiert. Wir produzieren Elemente aus Polyester- und Epoxidharzen. Dank der Zusammenarbeit mit Distributoren von Komponenten der weltbesten Hersteller k\u00f6nnen wir die Anforderungen unserer Kunden erf\u00fcllen und unsere Produkte erf\u00fcllen alle Standards. Wir stellen Elemente aus unseren eigenen Formen und aus den Formen unserer Kunden her. Auf Wunsch k\u00f6nnen wir Formen nach dem Entwurf des Auftragnehmers herstellen. Wir f\u00fchren fast jeden Auftrag f\u00fcr Harzprodukte aus. Wir f\u00fchren auch Reparaturen und Renovierungen der Beschichtung von Motorbooten und Wasserscootern durch, erneuern Au\u00dfen- und Innenbeschichtungen.<\/p>\n<p style=\"font-weight: 400;\">Das Hauptt\u00e4tigkeitsprofil ist die Herstellung von Verkleidungen f\u00fcr Rennmotorr\u00e4der und Carbonelemente; Delke Motoren, Rahmen- und Schwingenabdeckungen und ganze Sets auf Anfrage.<\/p>\n<p>Verkleidungen erh\u00e4ltlich f\u00fcr Aprilia, BMW, Ducati, Honda, Kawasaki, Suzuki, Triumph, Yamaha Modelle.<\/p>    <\/div>\n<\/div>\n<!-- \/module text --><!-- module text -->\n<div  class=\"module module-text tb_r250319    wow\" data-tf-animation=\"fadeIn\" data-lazy=\"1\">\n        <div  class=\"tb_text_wrap\">\n    <p style=\"font-weight: 400;\">Wir fertigen auch ultraleichte Flugzeugkomponenten wie das Pipistrel-Virus<\/p>\n    <\/div>\n<\/div>\n<!-- \/module text -->                    <\/div>\n                            <\/div>\n                        <div  data-lazy=\"1\" class=\"module_column sub_column col4-2 tb_cowx119 last\">\n                                                <\/div>\n            \t    <\/div>\n\t<\/div><!-- \/themify_builder_sub_row -->\n\t                    <\/div>\n                            <\/div>\n            \t    <\/div>\n\t    <!-- \/row_inner -->\n\t<\/div>\n\t<!-- \/module_row -->\n\t<\/div>\n<!--\/themify_builder_content-->","protected":false},"excerpt":{"rendered":"<p>\u00dcber uns Willkommen auf der Website von Laminplast Compozyty. Wir sind ein kleines Unternehmen, das seit 15 Jahren dynamisch in der Automobilindustrie t\u00e4tig ist. Seit \u00fcber 10 Jahren werden 90% unserer Produktion in die L\u00e4nder der Europ\u00e4ischen Union exportiert. Wir produzieren Elemente aus Polyester- und Epoxidharzen. Dank der Zusammenarbeit mit Distributoren von Komponenten der weltbesten [&hellip;]<\/p>\n","protected":false},"author":2,"featured_media":0,"parent":0,"menu_order":0,"comment_status":"closed","ping_status":"closed","template":"","meta":{"footnotes":""},"class_list":["post-875","page","type-page","status-publish","hentry","has-post-title","has-post-date","has-post-category","has-post-tag","has-post-comment","has-post-author",""],"builder_content":"<h1>\u00dcber uns<\/h1>\n\n<p style=\"font-weight: 400;\">Willkommen auf der Website von Laminplast Compozyty. Wir sind ein kleines Unternehmen, das seit 15 Jahren dynamisch in der Automobilindustrie t\u00e4tig ist.<\/p> <p style=\"font-weight: 400;\">Seit \u00fcber 10 Jahren werden 90% unserer Produktion in die L\u00e4nder der Europ\u00e4ischen Union exportiert. Wir produzieren Elemente aus Polyester- und Epoxidharzen. Dank der Zusammenarbeit mit Distributoren von Komponenten der weltbesten Hersteller k\u00f6nnen wir die Anforderungen unserer Kunden erf\u00fcllen und unsere Produkte erf\u00fcllen alle Standards. Wir stellen Elemente aus unseren eigenen Formen und aus den Formen unserer Kunden her. Auf Wunsch k\u00f6nnen wir Formen nach dem Entwurf des Auftragnehmers herstellen. Wir f\u00fchren fast jeden Auftrag f\u00fcr Harzprodukte aus. Wir f\u00fchren auch Reparaturen und Renovierungen der Beschichtung von Motorbooten und Wasserscootern durch, erneuern Au\u00dfen- und Innenbeschichtungen.<\/p> <p style=\"font-weight: 400;\">Das Hauptt\u00e4tigkeitsprofil ist die Herstellung von Verkleidungen f\u00fcr Rennmotorr\u00e4der und Carbonelemente; Delke Motoren, Rahmen- und Schwingenabdeckungen und ganze Sets auf Anfrage.<\/p> <p>Verkleidungen erh\u00e4ltlich f\u00fcr Aprilia, BMW, Ducati, Honda, Kawasaki, Suzuki, Triumph, Yamaha Modelle.<\/p>\n<p style=\"font-weight: 400;\">Wir fertigen auch ultraleichte Flugzeugkomponenten wie das Pipistrel-Virus<\/p>","_links":{"self":[{"href":"https:\/\/owiewki.eu\/de\/wp-json\/wp\/v2\/pages\/875","targetHints":{"allow":["GET"]}}],"collection":[{"href":"https:\/\/owiewki.eu\/de\/wp-json\/wp\/v2\/pages"}],"about":[{"href":"https:\/\/owiewki.eu\/de\/wp-json\/wp\/v2\/types\/page"}],"author":[{"embeddable":true,"href":"https:\/\/owiewki.eu\/de\/wp-json\/wp\/v2\/users\/2"}],"replies":[{"embeddable":true,"href":"https:\/\/owiewki.eu\/de\/wp-json\/wp\/v2\/comments?post=875"}],"version-history":[{"count":5,"href":"https:\/\/owiewki.eu\/de\/wp-json\/wp\/v2\/pages\/875\/revisions"}],"predecessor-version":[{"id":1040,"href":"https:\/\/owiewki.eu\/de\/wp-json\/wp\/v2\/pages\/875\/revisions\/1040"}],"wp:attachment":[{"href":"https:\/\/owiewki.eu\/de\/wp-json\/wp\/v2\/media?parent=875"}],"curies":[{"name":"wp","href":"https:\/\/api.w.org\/{rel}","templated":true}]}}